{"id":602,"date":"2023-02-18T20:03:56","date_gmt":"2023-02-18T19:03:56","guid":{"rendered":"https:\/\/www.audyt-wifi.pl\/?page_id=602"},"modified":"2023-02-21T21:53:40","modified_gmt":"2023-02-21T20:53:40","slug":"ekahau","status":"publish","type":"page","link":"https:\/\/www.audyt-wifi.pl\/index.php\/ekahau\/","title":{"rendered":"Ekahau"},"content":{"rendered":"\n<figure class=\"wp-block-image size-full\"><img loading=\"lazy\" decoding=\"async\" width=\"750\" height=\"387\" src=\"https:\/\/i0.wp.com\/www.audyt-wifi.pl\/wp-content\/uploads\/2023\/02\/Low-Resolution-Logo-Ekahau.png?resize=750%2C387&#038;ssl=1\" alt=\"\" class=\"wp-image-631\" srcset=\"https:\/\/i0.wp.com\/www.audyt-wifi.pl\/wp-content\/uploads\/2023\/02\/Low-Resolution-Logo-Ekahau.png?w=800&amp;ssl=1 800w, https:\/\/i0.wp.com\/www.audyt-wifi.pl\/wp-content\/uploads\/2023\/02\/Low-Resolution-Logo-Ekahau.png?resize=300%2C155&amp;ssl=1 300w, https:\/\/i0.wp.com\/www.audyt-wifi.pl\/wp-content\/uploads\/2023\/02\/Low-Resolution-Logo-Ekahau.png?resize=768%2C396&amp;ssl=1 768w, https:\/\/i0.wp.com\/www.audyt-wifi.pl\/wp-content\/uploads\/2023\/02\/Low-Resolution-Logo-Ekahau.png?resize=18%2C9&amp;ssl=1 18w\" sizes=\"(max-width: 750px) 100vw, 750px\" data-recalc-dims=\"1\" \/><\/figure>\n\n\n\n<h2 class=\"wp-block-heading\">Czy potrzebuje Ekahau?<\/h2>\n\n\n\n<p>Ekahau o <a href=\"http:\/\/www.ekahau.com\" target=\"_blank\" rel=\"noreferrer noopener\">firma<\/a> zajmuj\u0105ca si\u0119 tworzeniem oprogramowania i sprz\u0119tu s\u0142u\u017c\u0105cego do projektowania, analizowania i monitorowania sieci bezprzewodowych. Firma zosta\u0142a za\u0142o\u017cona w 2000 roku i od tego czasu sta\u0142a si\u0119 jednym z wiod\u0105cych producent\u00f3w narz\u0119dzi do analizy i zarz\u0105dzania sieciami bezprzewodowymi.<\/p>\n\n\n\n<p>Najpopularniejszym produktem jest Ekahau AI PRO, narz\u0119dzie s\u0142u\u017c\u0105ce do projektowania, pomiar\u00f3w, analizy i optymalizacji sieci Wi-Fi.  AI PRO umo\u017cliwia projektowanie sieci Wi-Fi w oparciu o rzeczywiste warunki \u015brodowiska, analiz\u0119 jako\u015bci sygna\u0142u i wykrywanie \u017ar\u00f3de\u0142 zak\u0142\u00f3ce\u0144. Dodatkowo oprogramowanie wykorzystuje wbudowany Spectrum Analyzer, co pozwala na zapewnienie wydajnej i niezawodnej sieci.<br><\/p>\n\n\n\n<figure class=\"wp-block-embed is-type-video is-provider-youtube wp-block-embed-youtube wp-embed-aspect-16-9 wp-has-aspect-ratio\"><div class=\"wp-block-embed__wrapper\">\n<iframe loading=\"lazy\" title=\"Ekahau Wireless Design, Wi-Fi Site Survey &amp; Troubleshooting Solutions | Ekahau Explainer\" width=\"750\" height=\"422\" src=\"https:\/\/www.youtube.com\/embed\/wrXDENV_d-E?feature=oembed\" frameborder=\"0\" allow=\"accelerometer; autoplay; clipboard-write; encrypted-media; gyroscope; picture-in-picture; web-share\" referrerpolicy=\"strict-origin-when-cross-origin\" allowfullscreen><\/iframe>\n<\/div><\/figure>\n\n\n\n<h2 class=\"wp-block-heading\">Ile kosztuje Ekahau?<br><\/h2>\n\n\n\n<p>Oprogramowanie Ekahau AI PRO to jednorazowy koszt 5995 USD netto. Do prawid\u0142owego dzia\u0142ania oprogramowania i wykorzystania jego wszystkich mo\u017cliwo\u015bci nale\u017cy dokupi\u0107 hardware Ekahau Sidekick, kt\u00f3rego koszt jednorazowy to 4495 USD netto<\/p>\n\n\n\n<p>Wsparcie techniczne produktu, jego aktualizacje oraz dost\u0119p do dodatkowego oprogramowania zapewni Connect Subscription, kt\u00f3re obligatoryjnie nale\u017cy wykupi\u0107 na okres min. 1 roku.<\/p>\n\n\n\n<p>W ramach Connect Subscription dost\u0119pne b\u0119dzie miedzy innymi oprogramowanie:<\/p>\n\n\n\n<ul>\n<li>Mobile Survey to narz\u0119dzie, kt\u00f3re umo\u017cliwia przeprowadzenie pomiar\u00f3w jako\u015bci sygna\u0142u Wi-Fi za pomoc\u0105 smartfon\u00f3w i tablet\u00f3w. Mobile Survey dzia\u0142a na systemach operacyjnych iOS i Android i umo\u017cliwia szybkie i \u0142atwe przeprowadzenie pomiar\u00f3w. U\u017cytkownicy mog\u0105 uzyska\u0107 informacje na temat jako\u015bci sygna\u0142u Wi-Fi w r\u00f3\u017cnych miejscach i na r\u00f3\u017cnych etapach procesu wdra\u017cania sieci bezprzewodowej.<\/li>\n<\/ul>\n\n\n\n<ul>\n<li>Capture to narz\u0119dzie, kt\u00f3re pozwala na przechwytywanie ruchu sieciowego 802.11 w czasie rzeczywistym. Capture dzia\u0142a na systemie operacyjnym Windows i jest zintegrowany z Ekahau Sidekick, co umo\u017cliwia przechwytywanie ruchu sieciowego w standardzie 802.11a\/b\/g\/n\/ac\/ax.  Capture umo\u017cliwia r\u00f3wnie\u017c zapisywanie przechwyconych pakiet\u00f3w do plik\u00f3w PCAP, kt\u00f3re mog\u0105 by\u0107 analizowane przez inne narz\u0119dzia do analizy ruchu sieciowego, takie jak Wireshark. Dzi\u0119ki temu u\u017cytkownicy mog\u0105 uzyska\u0107 bardziej szczeg\u00f3\u0142owe informacje na temat ruchu sieciowego i szybciej zidentyfikowa\u0107 problemy z sieci\u0105 bezprzewodow\u0105.<\/li>\n<\/ul>\n\n\n<div class=\"wp-block-image\">\n<figure class=\"aligncenter size-large\"><img loading=\"lazy\" decoding=\"async\" width=\"750\" height=\"412\" src=\"https:\/\/i0.wp.com\/www.audyt-wifi.pl\/wp-content\/uploads\/2023\/02\/image-2.png?resize=750%2C412&#038;ssl=1\" alt=\"Ekahau Pricing\" class=\"wp-image-638\" srcset=\"https:\/\/i0.wp.com\/www.audyt-wifi.pl\/wp-content\/uploads\/2023\/02\/image-2.png?resize=1024%2C562&amp;ssl=1 1024w, https:\/\/i0.wp.com\/www.audyt-wifi.pl\/wp-content\/uploads\/2023\/02\/image-2.png?resize=300%2C165&amp;ssl=1 300w, https:\/\/i0.wp.com\/www.audyt-wifi.pl\/wp-content\/uploads\/2023\/02\/image-2.png?resize=768%2C421&amp;ssl=1 768w, https:\/\/i0.wp.com\/www.audyt-wifi.pl\/wp-content\/uploads\/2023\/02\/image-2.png?resize=18%2C10&amp;ssl=1 18w, https:\/\/i0.wp.com\/www.audyt-wifi.pl\/wp-content\/uploads\/2023\/02\/image-2.png?w=1106&amp;ssl=1 1106w\" sizes=\"(max-width: 750px) 100vw, 750px\" data-recalc-dims=\"1\" \/><\/figure><\/div>\n\n\n<p><\/p>\n\n\n\n<h2 class=\"wp-block-heading\">Dlaczego Audyt WiFi?<\/h2>\n\n\n\n<p>Jeste\u015bmy oficjalnym partnerem firmy Ekahau o statusie Reseller. Opr\u00f3cz dostarczenia sprz\u0119tu i oprogramowania, przy ka\u017cdej dostawie oferujemy podstawowe szkolenie z zakresu uruchomienia sprz\u0119tu i oprogramowania, sposobu licencjonowania oraz podstaw dzia\u0142ania dodatkowego oprogramowania w ramach Connect Subscription.<\/p>\n\n\n<div class=\"wp-block-image\">\n<figure class=\"aligncenter size-thumbnail\"><img loading=\"lazy\" decoding=\"async\" width=\"150\" height=\"150\" src=\"https:\/\/i0.wp.com\/www.audyt-wifi.pl\/wp-content\/uploads\/2023\/02\/Ekahau-Authorized-Reseller-Partner-Badge.png?resize=150%2C150&#038;ssl=1\" alt=\"\" class=\"wp-image-630\" srcset=\"https:\/\/i0.wp.com\/www.audyt-wifi.pl\/wp-content\/uploads\/2023\/02\/Ekahau-Authorized-Reseller-Partner-Badge.png?resize=150%2C150&amp;ssl=1 150w, https:\/\/i0.wp.com\/www.audyt-wifi.pl\/wp-content\/uploads\/2023\/02\/Ekahau-Authorized-Reseller-Partner-Badge.png?resize=300%2C300&amp;ssl=1 300w, https:\/\/i0.wp.com\/www.audyt-wifi.pl\/wp-content\/uploads\/2023\/02\/Ekahau-Authorized-Reseller-Partner-Badge.png?resize=1024%2C1024&amp;ssl=1 1024w, https:\/\/i0.wp.com\/www.audyt-wifi.pl\/wp-content\/uploads\/2023\/02\/Ekahau-Authorized-Reseller-Partner-Badge.png?resize=768%2C768&amp;ssl=1 768w, https:\/\/i0.wp.com\/www.audyt-wifi.pl\/wp-content\/uploads\/2023\/02\/Ekahau-Authorized-Reseller-Partner-Badge.png?resize=1536%2C1536&amp;ssl=1 1536w, https:\/\/i0.wp.com\/www.audyt-wifi.pl\/wp-content\/uploads\/2023\/02\/Ekahau-Authorized-Reseller-Partner-Badge.png?resize=12%2C12&amp;ssl=1 12w, https:\/\/i0.wp.com\/www.audyt-wifi.pl\/wp-content\/uploads\/2023\/02\/Ekahau-Authorized-Reseller-Partner-Badge.png?w=1599&amp;ssl=1 1599w\" sizes=\"(max-width: 150px) 100vw, 150px\" data-recalc-dims=\"1\" \/><\/figure><\/div>\n\n\n<p>Dodatkowo mo\u017cemy zaoferowa\u0107 Tobie szkolenia Ekahau, zar\u00f3wno te oficjalne jak i nasze autorskie pozwalaj\u0105ce na rozpocz\u0119cie pracy z tym oprogramowaniem. <a href=\"https:\/\/www.audyt-wifi.pl\/index.php\/2023\/02\/20\/szkolenia-ekahau\/\">Opis poszczeg\u00f3lnych szkole\u0144 wraz z agend\u0105 znajdziesz na naszym BLOGu.<\/a><\/p>\n\n\n\n<p>Pami\u0119taj prosz\u0119, \u017ce wszystkie przedstawione ceny to ceny katalogowe od kt\u00f3rych naliczane s\u0105 rabaty. <\/p>\n\n\n\n<div class=\"wp-block-file\"><a id=\"wp-block-file--media-aa5a4b52-9178-46f7-b694-e8596e1156a5\" href=\"https:\/\/www.audyt-wifi.pl\/wp-content\/uploads\/2023\/02\/About-Ekahau-One-Pager.pdf\" target=\"_blank\" rel=\"noreferrer noopener\">Karta Katalogowa Ekahau<\/a><a href=\"https:\/\/www.audyt-wifi.pl\/wp-content\/uploads\/2023\/02\/About-Ekahau-One-Pager.pdf\" class=\"wp-block-file__button wp-element-button\" download aria-describedby=\"wp-block-file--media-aa5a4b52-9178-46f7-b694-e8596e1156a5\">Pobierz<\/a><\/div>\n\n\n\n<h2 class=\"wp-block-heading\">Kontakt<\/h2>\n\n\n\n<p>Potrzebujesz wyceny rozwi\u0105zania Ekahau? Skontaktuj si\u0119 z nami.<\/p>\n\n\n<div class=\"wpforms-container wpforms-container-full wpforms-block\" id=\"wpforms-176\"><form id=\"wpforms-form-176\" class=\"wpforms-validate wpforms-form\" data-formid=\"176\" method=\"post\" enctype=\"multipart\/form-data\" action=\"\/index.php\/wp-json\/wp\/v2\/pages\/602\" data-token=\"c5e652d7b8bc94e61f7e1090b3d2aec7\"><noscript class=\"wpforms-error-noscript\">Aby wype\u0142ni\u0107 ten formularz, w\u0142\u0105cz obs\u0142ug\u0119 JavaScript w przegl\u0105darce.<\/noscript><div class=\"wpforms-field-container\"><div id=\"wpforms-176-field_0-container\" class=\"wpforms-field wpforms-field-name\" data-field-id=\"0\"><label class=\"wpforms-field-label\" for=\"wpforms-176-field_0\">Imie i nazwisko <span class=\"wpforms-required-label\">*<\/span><\/label><input type=\"text\" id=\"wpforms-176-field_0\" class=\"wpforms-field-medium wpforms-field-required\" name=\"wpforms[fields][0]\" required><\/div><div id=\"wpforms-176-field_4-container\" class=\"wpforms-field wpforms-field-text\" data-field-id=\"4\"><label class=\"wpforms-field-label\" for=\"wpforms-176-field_4\">Firma<\/label><input type=\"text\" id=\"wpforms-176-field_4\" class=\"wpforms-field-medium\" name=\"wpforms[fields][4]\" ><\/div><div id=\"wpforms-176-field_5-container\" class=\"wpforms-field wpforms-field-text\" data-field-id=\"5\"><label class=\"wpforms-field-label\" for=\"wpforms-176-field_5\">Nr Telefonu <span class=\"wpforms-required-label\">*<\/span><\/label><input type=\"text\" id=\"wpforms-176-field_5\" class=\"wpforms-field-medium wpforms-field-required\" name=\"wpforms[fields][5]\" required><\/div><div id=\"wpforms-176-field_1-container\" class=\"wpforms-field wpforms-field-email\" data-field-id=\"1\"><label class=\"wpforms-field-label\" for=\"wpforms-176-field_1\">Email <span class=\"wpforms-required-label\">*<\/span><\/label><input type=\"email\" id=\"wpforms-176-field_1\" class=\"wpforms-field-medium wpforms-field-required\" name=\"wpforms[fields][1]\" spellcheck=\"false\" required><\/div><div id=\"wpforms-176-field_2-container\" class=\"wpforms-field wpforms-field-textarea\" data-field-id=\"2\"><label class=\"wpforms-field-label\" for=\"wpforms-176-field_2\">Wiadomo\u015b\u0107 <span class=\"wpforms-required-label\">*<\/span><\/label><textarea id=\"wpforms-176-field_2\" class=\"wpforms-field-medium wpforms-field-required\" name=\"wpforms[fields][2]\" placeholder=\"Wpisz wiadomo\u015b\u0107....\" required><\/textarea><\/div><\/div><!-- .wpforms-field-container --><div class=\"wpforms-field wpforms-field-hp\"><label for=\"wpforms-176-field-hp\" class=\"wpforms-field-label\">Message<\/label><input type=\"text\" name=\"wpforms[hp]\" id=\"wpforms-176-field-hp\" class=\"wpforms-field-medium\"><\/div><div class=\"wpforms-recaptcha-container wpforms-is-recaptcha\" ><div class=\"g-recaptcha\" data-sitekey=\"6LfIbpYkAAAAAJSUPi9wcqPNlP1Y1wmo6BT-qmPS\" data-size=\"invisible\"><\/div><\/div><div class=\"wpforms-submit-container\" ><input type=\"hidden\" name=\"wpforms[id]\" value=\"176\"><input type=\"hidden\" name=\"wpforms[author]\" value=\"1\"><button type=\"submit\" name=\"wpforms[submit]\" id=\"wpforms-submit-176\" class=\"wpforms-submit\" data-alt-text=\"Wysy\u0142anie...\" data-submit-text=\"Wy\u015blij\" aria-live=\"assertive\" value=\"wpforms-submit\">Wy\u015blij<\/button><\/div><\/form><\/div>  <!-- .wpforms-container -->\n\n\n<p><\/p>\n\n\n\n<p><\/p>\n","protected":false},"excerpt":{"rendered":"<p>Czy potrzebuje Ekahau? Ekahau o firma zajmuj\u0105ca si\u0119 tworzeniem oprogramowania i sprz\u0119tu s\u0142u\u017c\u0105cego do projektowania, analizowania i monitorowania sieci bezprzewodowych. Firma zosta\u0142a za\u0142o\u017cona w 2000 roku i od tego czasu sta\u0142a si\u0119 jednym z wiod\u0105cych producent\u00f3w narz\u0119dzi do analizy i zarz\u0105dzania sieciami bezprzewodowymi. Najpopularniejszym produktem jest Ekahau AI PRO, narz\u0119dzie [&hellip;]<\/p>\n","protected":false},"author":1,"featured_media":725,"parent":0,"menu_order":0,"comment_status":"closed","ping_status":"closed","template":"","meta":{"footnotes":""},"yoast_head":"<!-- This site is optimized with the Yoast SEO plugin v21.7 - https:\/\/yoast.com\/wordpress\/plugins\/seo\/ -->\n<title>Ekahau - Audyt WiFi<\/title>\n<meta name=\"description\" content=\"Sprzeda\u017c i szkolenia oprogramowania Ekahau AI PRO - narz\u0119dzie s\u0142u\u017c\u0105ce do projektowania, pomiar\u00f3w, analizy i optymalizacji sieci Wi-Fi.\" \/>\n<meta name=\"robots\" content=\"index, follow, max-snippet:-1, max-image-preview:large, max-video-preview:-1\" \/>\n<link rel=\"canonical\" href=\"https:\/\/www.audyt-wifi.pl\/index.php\/ekahau\/\" \/>\n<meta property=\"og:locale\" content=\"pl_PL\" \/>\n<meta property=\"og:type\" content=\"article\" \/>\n<meta property=\"og:title\" content=\"Ekahau - Audyt WiFi\" \/>\n<meta property=\"og:description\" content=\"Sprzeda\u017c i szkolenia oprogramowania Ekahau AI PRO - narz\u0119dzie s\u0142u\u017c\u0105ce do projektowania, pomiar\u00f3w, analizy i optymalizacji sieci Wi-Fi.\" \/>\n<meta property=\"og:url\" content=\"https:\/\/www.audyt-wifi.pl\/index.php\/ekahau\/\" \/>\n<meta property=\"og:site_name\" content=\"Audyt WiFi\" \/>\n<meta property=\"article:modified_time\" content=\"2023-02-21T20:53:40+00:00\" \/>\n<meta property=\"og:image\" content=\"https:\/\/www.audyt-wifi.pl\/wp-content\/uploads\/2023\/02\/czNmcy1wcml2YXRlL3Jhd3BpeGVsX2ltYWdlcy93ZWJzaXRlX2NvbnRlbnQvbHIvZnJldGhlcm5ldF9jYWJsZV9wbHVnX25ldHdvcmstaW1hZ2Uta3liZHMzcG4uanBn.jpg\" \/>\n\t<meta property=\"og:image:width\" content=\"1300\" \/>\n\t<meta property=\"og:image:height\" content=\"867\" \/>\n\t<meta property=\"og:image:type\" content=\"image\/jpeg\" \/>\n<meta name=\"twitter:card\" content=\"summary_large_image\" \/>\n<meta name=\"twitter:label1\" content=\"Szacowany czas czytania\" \/>\n\t<meta name=\"twitter:data1\" content=\"3 minuty\" \/>\n<script type=\"application\/ld+json\" class=\"yoast-schema-graph\">{\"@context\":\"https:\/\/schema.org\",\"@graph\":[{\"@type\":\"WebPage\",\"@id\":\"https:\/\/www.audyt-wifi.pl\/index.php\/ekahau\/\",\"url\":\"https:\/\/www.audyt-wifi.pl\/index.php\/ekahau\/\",\"name\":\"Ekahau - Audyt WiFi\",\"isPartOf\":{\"@id\":\"https:\/\/www.audyt-wifi.pl\/#website\"},\"datePublished\":\"2023-02-18T19:03:56+00:00\",\"dateModified\":\"2023-02-21T20:53:40+00:00\",\"description\":\"Sprzeda\u017c i szkolenia oprogramowania Ekahau AI PRO - narz\u0119dzie s\u0142u\u017c\u0105ce do projektowania, pomiar\u00f3w, analizy i optymalizacji sieci Wi-Fi.\",\"breadcrumb\":{\"@id\":\"https:\/\/www.audyt-wifi.pl\/index.php\/ekahau\/#breadcrumb\"},\"inLanguage\":\"pl-PL\",\"potentialAction\":[{\"@type\":\"ReadAction\",\"target\":[\"https:\/\/www.audyt-wifi.pl\/index.php\/ekahau\/\"]}]},{\"@type\":\"BreadcrumbList\",\"@id\":\"https:\/\/www.audyt-wifi.pl\/index.php\/ekahau\/#breadcrumb\",\"itemListElement\":[{\"@type\":\"ListItem\",\"position\":1,\"name\":\"Strona g\u0142\u00f3wna\",\"item\":\"https:\/\/www.audyt-wifi.pl\/\"},{\"@type\":\"ListItem\",\"position\":2,\"name\":\"Ekahau\"}]},{\"@type\":\"WebSite\",\"@id\":\"https:\/\/www.audyt-wifi.pl\/#website\",\"url\":\"https:\/\/www.audyt-wifi.pl\/\",\"name\":\"Audyt WiFi - Projektowanie, pomiary i audyt bezpiecze\u0144stwa sieci bezprzewodowych\",\"description\":\"Projektowanie, pomiary i audyt sieci bezprzewodowych\",\"publisher\":{\"@id\":\"https:\/\/www.audyt-wifi.pl\/#organization\"},\"potentialAction\":[{\"@type\":\"SearchAction\",\"target\":{\"@type\":\"EntryPoint\",\"urlTemplate\":\"https:\/\/www.audyt-wifi.pl\/?s={search_term_string}\"},\"query-input\":\"required name=search_term_string\"}],\"inLanguage\":\"pl-PL\"},{\"@type\":\"Organization\",\"@id\":\"https:\/\/www.audyt-wifi.pl\/#organization\",\"name\":\"Audyt WiFi\",\"url\":\"https:\/\/www.audyt-wifi.pl\/\",\"logo\":{\"@type\":\"ImageObject\",\"inLanguage\":\"pl-PL\",\"@id\":\"https:\/\/www.audyt-wifi.pl\/#\/schema\/logo\/image\/\",\"url\":\"https:\/\/i0.wp.com\/www.audyt-wifi.pl\/wp-content\/uploads\/2020\/01\/logo_transparent_v2.png?fit=1200%2C1200&ssl=1\",\"contentUrl\":\"https:\/\/i0.wp.com\/www.audyt-wifi.pl\/wp-content\/uploads\/2020\/01\/logo_transparent_v2.png?fit=1200%2C1200&ssl=1\",\"width\":1200,\"height\":1200,\"caption\":\"Audyt WiFi\"},\"image\":{\"@id\":\"https:\/\/www.audyt-wifi.pl\/#\/schema\/logo\/image\/\"}}]}<\/script>\n<!-- \/ Yoast SEO plugin. -->","yoast_head_json":{"title":"Ekahau - Audyt WiFi","description":"Sprzeda\u017c i szkolenia oprogramowania Ekahau AI PRO - narz\u0119dzie s\u0142u\u017c\u0105ce do projektowania, pomiar\u00f3w, analizy i optymalizacji sieci Wi-Fi.","robots":{"index":"index","follow":"follow","max-snippet":"max-snippet:-1","max-image-preview":"max-image-preview:large","max-video-preview":"max-video-preview:-1"},"canonical":"https:\/\/www.audyt-wifi.pl\/index.php\/ekahau\/","og_locale":"pl_PL","og_type":"article","og_title":"Ekahau - Audyt WiFi","og_description":"Sprzeda\u017c i szkolenia oprogramowania Ekahau AI PRO - narz\u0119dzie s\u0142u\u017c\u0105ce do projektowania, pomiar\u00f3w, analizy i optymalizacji sieci Wi-Fi.","og_url":"https:\/\/www.audyt-wifi.pl\/index.php\/ekahau\/","og_site_name":"Audyt WiFi","article_modified_time":"2023-02-21T20:53:40+00:00","og_image":[{"width":1300,"height":867,"url":"https:\/\/www.audyt-wifi.pl\/wp-content\/uploads\/2023\/02\/czNmcy1wcml2YXRlL3Jhd3BpeGVsX2ltYWdlcy93ZWJzaXRlX2NvbnRlbnQvbHIvZnJldGhlcm5ldF9jYWJsZV9wbHVnX25ldHdvcmstaW1hZ2Uta3liZHMzcG4uanBn.jpg","type":"image\/jpeg"}],"twitter_card":"summary_large_image","twitter_misc":{"Szacowany czas czytania":"3 minuty"},"schema":{"@context":"https:\/\/schema.org","@graph":[{"@type":"WebPage","@id":"https:\/\/www.audyt-wifi.pl\/index.php\/ekahau\/","url":"https:\/\/www.audyt-wifi.pl\/index.php\/ekahau\/","name":"Ekahau - Audyt WiFi","isPartOf":{"@id":"https:\/\/www.audyt-wifi.pl\/#website"},"datePublished":"2023-02-18T19:03:56+00:00","dateModified":"2023-02-21T20:53:40+00:00","description":"Sprzeda\u017c i szkolenia oprogramowania Ekahau AI PRO - narz\u0119dzie s\u0142u\u017c\u0105ce do projektowania, pomiar\u00f3w, analizy i optymalizacji sieci Wi-Fi.","breadcrumb":{"@id":"https:\/\/www.audyt-wifi.pl\/index.php\/ekahau\/#breadcrumb"},"inLanguage":"pl-PL","potentialAction":[{"@type":"ReadAction","target":["https:\/\/www.audyt-wifi.pl\/index.php\/ekahau\/"]}]},{"@type":"BreadcrumbList","@id":"https:\/\/www.audyt-wifi.pl\/index.php\/ekahau\/#breadcrumb","itemListElement":[{"@type":"ListItem","position":1,"name":"Strona g\u0142\u00f3wna","item":"https:\/\/www.audyt-wifi.pl\/"},{"@type":"ListItem","position":2,"name":"Ekahau"}]},{"@type":"WebSite","@id":"https:\/\/www.audyt-wifi.pl\/#website","url":"https:\/\/www.audyt-wifi.pl\/","name":"Audyt WiFi - Projektowanie, pomiary i audyt bezpiecze\u0144stwa sieci bezprzewodowych","description":"Projektowanie, pomiary i audyt sieci bezprzewodowych","publisher":{"@id":"https:\/\/www.audyt-wifi.pl\/#organization"},"potentialAction":[{"@type":"SearchAction","target":{"@type":"EntryPoint","urlTemplate":"https:\/\/www.audyt-wifi.pl\/?s={search_term_string}"},"query-input":"required name=search_term_string"}],"inLanguage":"pl-PL"},{"@type":"Organization","@id":"https:\/\/www.audyt-wifi.pl\/#organization","name":"Audyt WiFi","url":"https:\/\/www.audyt-wifi.pl\/","logo":{"@type":"ImageObject","inLanguage":"pl-PL","@id":"https:\/\/www.audyt-wifi.pl\/#\/schema\/logo\/image\/","url":"https:\/\/i0.wp.com\/www.audyt-wifi.pl\/wp-content\/uploads\/2020\/01\/logo_transparent_v2.png?fit=1200%2C1200&ssl=1","contentUrl":"https:\/\/i0.wp.com\/www.audyt-wifi.pl\/wp-content\/uploads\/2020\/01\/logo_transparent_v2.png?fit=1200%2C1200&ssl=1","width":1200,"height":1200,"caption":"Audyt WiFi"},"image":{"@id":"https:\/\/www.audyt-wifi.pl\/#\/schema\/logo\/image\/"}}]}},"jetpack_sharing_enabled":true,"_links":{"self":[{"href":"https:\/\/www.audyt-wifi.pl\/index.php\/wp-json\/wp\/v2\/pages\/602"}],"collection":[{"href":"https:\/\/www.audyt-wifi.pl\/index.php\/wp-json\/wp\/v2\/pages"}],"about":[{"href":"https:\/\/www.audyt-wifi.pl\/index.php\/wp-json\/wp\/v2\/types\/page"}],"author":[{"embeddable":true,"href":"https:\/\/www.audyt-wifi.pl\/index.php\/wp-json\/wp\/v2\/users\/1"}],"replies":[{"embeddable":true,"href":"https:\/\/www.audyt-wifi.pl\/index.php\/wp-json\/wp\/v2\/comments?post=602"}],"version-history":[{"count":34,"href":"https:\/\/www.audyt-wifi.pl\/index.php\/wp-json\/wp\/v2\/pages\/602\/revisions"}],"predecessor-version":[{"id":1156,"href":"https:\/\/www.audyt-wifi.pl\/index.php\/wp-json\/wp\/v2\/pages\/602\/revisions\/1156"}],"wp:featuredmedia":[{"embeddable":true,"href":"https:\/\/www.audyt-wifi.pl\/index.php\/wp-json\/wp\/v2\/media\/725"}],"wp:attachment":[{"href":"https:\/\/www.audyt-wifi.pl\/index.php\/wp-json\/wp\/v2\/media?parent=602"}],"curies":[{"name":"wp","href":"https:\/\/api.w.org\/{rel}","templated":true}]}}