{"id":21,"date":"2019-03-19T22:35:18","date_gmt":"2019-03-19T21:35:18","guid":{"rendered":"http:\/\/audyt-wifi.pl\/?page_id=21"},"modified":"2019-03-20T22:17:47","modified_gmt":"2019-03-20T21:17:47","slug":"sekcja-strony-glownej","status":"publish","type":"page","link":"https:\/\/www.audyt-wifi.pl\/index.php\/sekcja-strony-glownej\/","title":{"rendered":"Sekcja strony g\u0142\u00f3wnej"},"content":{"rendered":"<p>To jest przyk\u0142ad sekcji strony g\u0142\u00f3wnej. Sekcja ta mo\u017ce by\u0107 na dowolnej stronie opr\u00f3cz strony g\u0142\u00f3wnej, w\u0142\u0105czaj\u0105c to stron\u0119 prezentuj\u0105c\u0105 ostatnie wpisy. To jest przyk\u0142ad sekcji strony g\u0142\u00f3wnej. Sekcja ta mo\u017ce by\u0107 na dowolnej stronie opr\u00f3cz strony g\u0142\u00f3wnej, w\u0142\u0105czaj\u0105c to stron\u0119 prezentuj\u0105c\u0105 ostatnie wpisy.To jest przyk\u0142ad sekcji strony g\u0142\u00f3wnej. Sekcja ta mo\u017ce by\u0107 na dowolnej stronie opr\u00f3cz strony g\u0142\u00f3wnej, w\u0142\u0105czaj\u0105c to stron\u0119 prezentuj\u0105c\u0105 ostatnie wpisy.<\/p>\n<p>To jest przyk\u0142ad sekcji strony g\u0142\u00f3wnej. Sekcja ta mo\u017ce by\u0107 na dowolnej stronie opr\u00f3cz strony g\u0142\u00f3wnej, w\u0142\u0105czaj\u0105c to stron\u0119 prezentuj\u0105c\u0105 ostatnie wpisy.To jest przyk\u0142ad sekcji strony g\u0142\u00f3wnej. Sekcja ta mo\u017ce by\u0107 na dowolnej stronie opr\u00f3cz strony g\u0142\u00f3wnej, w\u0142\u0105czaj\u0105c to stron\u0119 prezentuj\u0105c\u0105 ostatnie wpisy.<\/p>\n\n\n<h2 class=\"wp-block-heading\">To jest przyk\u0142ad sekcji strony g\u0142\u00f3wnej. Sekcja ta mo\u017ce by\u0107 na dowolnej stronie opr\u00f3cz strony g\u0142\u00f3wnej, w\u0142\u0105czaj\u0105c to stron\u0119 prezentuj\u0105c\u0105 ostatnie wpisy. <\/h2>\n\n\n\n<blockquote class=\"wp-block-quote is-layout-flow wp-block-quote-is-layout-flow\"><p> To jest przyk\u0142ad sekcji strony g\u0142\u00f3wnej. Sekcja ta mo\u017ce by\u0107 na dowolnej stronie opr\u00f3cz strony g\u0142\u00f3wnej, w\u0142\u0105czaj\u0105c to stron\u0119 prezentuj\u0105c\u0105 ostatnie wpisy. <\/p><\/blockquote>\n","protected":false},"excerpt":{"rendered":"<p>To jest przyk\u0142ad sekcji strony g\u0142\u00f3wnej. Sekcja ta mo\u017ce by\u0107 na dowolnej stronie opr\u00f3cz strony g\u0142\u00f3wnej, w\u0142\u0105czaj\u0105c to stron\u0119 prezentuj\u0105c\u0105 ostatnie wpisy. To jest przyk\u0142ad sekcji strony g\u0142\u00f3wnej. Sekcja ta mo\u017ce by\u0107 na dowolnej stronie opr\u00f3cz strony g\u0142\u00f3wnej, w\u0142\u0105czaj\u0105c to stron\u0119 prezentuj\u0105c\u0105 ostatnie wpisy.To jest przyk\u0142ad sekcji strony g\u0142\u00f3wnej. Sekcja [&hellip;]<\/p>\n","protected":false},"author":1,"featured_media":48,"parent":0,"menu_order":0,"comment_status":"closed","ping_status":"closed","template":"","meta":{"footnotes":""},"yoast_head":"<!-- This site is optimized with the Yoast SEO plugin v21.7 - https:\/\/yoast.com\/wordpress\/plugins\/seo\/ -->\n<title>Sekcja strony g\u0142\u00f3wnej - Audyt WiFi<\/title>\n<meta name=\"robots\" content=\"index, follow, max-snippet:-1, max-image-preview:large, max-video-preview:-1\" \/>\n<link rel=\"canonical\" href=\"https:\/\/www.audyt-wifi.pl\/index.php\/sekcja-strony-glownej\/\" \/>\n<meta property=\"og:locale\" content=\"pl_PL\" \/>\n<meta property=\"og:type\" content=\"article\" \/>\n<meta property=\"og:title\" content=\"Sekcja strony g\u0142\u00f3wnej - Audyt WiFi\" \/>\n<meta property=\"og:description\" content=\"To jest przyk\u0142ad sekcji strony g\u0142\u00f3wnej. Sekcja ta mo\u017ce by\u0107 na dowolnej stronie opr\u00f3cz strony g\u0142\u00f3wnej, w\u0142\u0105czaj\u0105c to stron\u0119 prezentuj\u0105c\u0105 ostatnie wpisy. To jest przyk\u0142ad sekcji strony g\u0142\u00f3wnej. Sekcja ta mo\u017ce by\u0107 na dowolnej stronie opr\u00f3cz strony g\u0142\u00f3wnej, w\u0142\u0105czaj\u0105c to stron\u0119 prezentuj\u0105c\u0105 ostatnie wpisy.To jest przyk\u0142ad sekcji strony g\u0142\u00f3wnej. Sekcja [&hellip;]\" \/>\n<meta property=\"og:url\" content=\"https:\/\/www.audyt-wifi.pl\/index.php\/sekcja-strony-glownej\/\" \/>\n<meta property=\"og:site_name\" content=\"Audyt WiFi\" \/>\n<meta property=\"article:modified_time\" content=\"2019-03-20T21:17:47+00:00\" \/>\n<meta property=\"og:image\" content=\"https:\/\/www.audyt-wifi.pl\/wp-content\/uploads\/2019\/03\/luca-bravo-217276-unsplash-1024x683.jpg\" \/>\n\t<meta property=\"og:image:width\" content=\"1024\" \/>\n\t<meta property=\"og:image:height\" content=\"683\" \/>\n\t<meta property=\"og:image:type\" content=\"image\/jpeg\" \/>\n<meta name=\"twitter:card\" content=\"summary_large_image\" \/>\n<meta name=\"twitter:label1\" content=\"Szacowany czas czytania\" \/>\n\t<meta name=\"twitter:data1\" content=\"1 minuta\" \/>\n<script type=\"application\/ld+json\" class=\"yoast-schema-graph\">{\"@context\":\"https:\/\/schema.org\",\"@graph\":[{\"@type\":\"WebPage\",\"@id\":\"https:\/\/www.audyt-wifi.pl\/index.php\/sekcja-strony-glownej\/\",\"url\":\"https:\/\/www.audyt-wifi.pl\/index.php\/sekcja-strony-glownej\/\",\"name\":\"Sekcja strony g\u0142\u00f3wnej - Audyt WiFi\",\"isPartOf\":{\"@id\":\"https:\/\/www.audyt-wifi.pl\/#website\"},\"datePublished\":\"2019-03-19T21:35:18+00:00\",\"dateModified\":\"2019-03-20T21:17:47+00:00\",\"breadcrumb\":{\"@id\":\"https:\/\/www.audyt-wifi.pl\/index.php\/sekcja-strony-glownej\/#breadcrumb\"},\"inLanguage\":\"pl-PL\",\"potentialAction\":[{\"@type\":\"ReadAction\",\"target\":[\"https:\/\/www.audyt-wifi.pl\/index.php\/sekcja-strony-glownej\/\"]}]},{\"@type\":\"BreadcrumbList\",\"@id\":\"https:\/\/www.audyt-wifi.pl\/index.php\/sekcja-strony-glownej\/#breadcrumb\",\"itemListElement\":[{\"@type\":\"ListItem\",\"position\":1,\"name\":\"Strona g\u0142\u00f3wna\",\"item\":\"https:\/\/www.audyt-wifi.pl\/\"},{\"@type\":\"ListItem\",\"position\":2,\"name\":\"Sekcja strony g\u0142\u00f3wnej\"}]},{\"@type\":\"WebSite\",\"@id\":\"https:\/\/www.audyt-wifi.pl\/#website\",\"url\":\"https:\/\/www.audyt-wifi.pl\/\",\"name\":\"Audyt WiFi - Projektowanie, pomiary i audyt bezpiecze\u0144stwa sieci bezprzewodowych\",\"description\":\"Projektowanie, pomiary i audyt sieci bezprzewodowych\",\"publisher\":{\"@id\":\"https:\/\/www.audyt-wifi.pl\/#organization\"},\"potentialAction\":[{\"@type\":\"SearchAction\",\"target\":{\"@type\":\"EntryPoint\",\"urlTemplate\":\"https:\/\/www.audyt-wifi.pl\/?s={search_term_string}\"},\"query-input\":\"required name=search_term_string\"}],\"inLanguage\":\"pl-PL\"},{\"@type\":\"Organization\",\"@id\":\"https:\/\/www.audyt-wifi.pl\/#organization\",\"name\":\"Audyt WiFi\",\"url\":\"https:\/\/www.audyt-wifi.pl\/\",\"logo\":{\"@type\":\"ImageObject\",\"inLanguage\":\"pl-PL\",\"@id\":\"https:\/\/www.audyt-wifi.pl\/#\/schema\/logo\/image\/\",\"url\":\"https:\/\/i0.wp.com\/www.audyt-wifi.pl\/wp-content\/uploads\/2020\/01\/logo_transparent_v2.png?fit=1200%2C1200&ssl=1\",\"contentUrl\":\"https:\/\/i0.wp.com\/www.audyt-wifi.pl\/wp-content\/uploads\/2020\/01\/logo_transparent_v2.png?fit=1200%2C1200&ssl=1\",\"width\":1200,\"height\":1200,\"caption\":\"Audyt WiFi\"},\"image\":{\"@id\":\"https:\/\/www.audyt-wifi.pl\/#\/schema\/logo\/image\/\"}}]}<\/script>\n<!-- \/ Yoast SEO plugin. -->","yoast_head_json":{"title":"Sekcja strony g\u0142\u00f3wnej - Audyt WiFi","robots":{"index":"index","follow":"follow","max-snippet":"max-snippet:-1","max-image-preview":"max-image-preview:large","max-video-preview":"max-video-preview:-1"},"canonical":"https:\/\/www.audyt-wifi.pl\/index.php\/sekcja-strony-glownej\/","og_locale":"pl_PL","og_type":"article","og_title":"Sekcja strony g\u0142\u00f3wnej - Audyt WiFi","og_description":"To jest przyk\u0142ad sekcji strony g\u0142\u00f3wnej. Sekcja ta mo\u017ce by\u0107 na dowolnej stronie opr\u00f3cz strony g\u0142\u00f3wnej, w\u0142\u0105czaj\u0105c to stron\u0119 prezentuj\u0105c\u0105 ostatnie wpisy. To jest przyk\u0142ad sekcji strony g\u0142\u00f3wnej. Sekcja ta mo\u017ce by\u0107 na dowolnej stronie opr\u00f3cz strony g\u0142\u00f3wnej, w\u0142\u0105czaj\u0105c to stron\u0119 prezentuj\u0105c\u0105 ostatnie wpisy.To jest przyk\u0142ad sekcji strony g\u0142\u00f3wnej. Sekcja [&hellip;]","og_url":"https:\/\/www.audyt-wifi.pl\/index.php\/sekcja-strony-glownej\/","og_site_name":"Audyt WiFi","article_modified_time":"2019-03-20T21:17:47+00:00","og_image":[{"width":1024,"height":683,"url":"https:\/\/www.audyt-wifi.pl\/wp-content\/uploads\/2019\/03\/luca-bravo-217276-unsplash-1024x683.jpg","type":"image\/jpeg"}],"twitter_card":"summary_large_image","twitter_misc":{"Szacowany czas czytania":"1 minuta"},"schema":{"@context":"https:\/\/schema.org","@graph":[{"@type":"WebPage","@id":"https:\/\/www.audyt-wifi.pl\/index.php\/sekcja-strony-glownej\/","url":"https:\/\/www.audyt-wifi.pl\/index.php\/sekcja-strony-glownej\/","name":"Sekcja strony g\u0142\u00f3wnej - Audyt WiFi","isPartOf":{"@id":"https:\/\/www.audyt-wifi.pl\/#website"},"datePublished":"2019-03-19T21:35:18+00:00","dateModified":"2019-03-20T21:17:47+00:00","breadcrumb":{"@id":"https:\/\/www.audyt-wifi.pl\/index.php\/sekcja-strony-glownej\/#breadcrumb"},"inLanguage":"pl-PL","potentialAction":[{"@type":"ReadAction","target":["https:\/\/www.audyt-wifi.pl\/index.php\/sekcja-strony-glownej\/"]}]},{"@type":"BreadcrumbList","@id":"https:\/\/www.audyt-wifi.pl\/index.php\/sekcja-strony-glownej\/#breadcrumb","itemListElement":[{"@type":"ListItem","position":1,"name":"Strona g\u0142\u00f3wna","item":"https:\/\/www.audyt-wifi.pl\/"},{"@type":"ListItem","position":2,"name":"Sekcja strony g\u0142\u00f3wnej"}]},{"@type":"WebSite","@id":"https:\/\/www.audyt-wifi.pl\/#website","url":"https:\/\/www.audyt-wifi.pl\/","name":"Audyt WiFi - Projektowanie, pomiary i audyt bezpiecze\u0144stwa sieci bezprzewodowych","description":"Projektowanie, pomiary i audyt sieci bezprzewodowych","publisher":{"@id":"https:\/\/www.audyt-wifi.pl\/#organization"},"potentialAction":[{"@type":"SearchAction","target":{"@type":"EntryPoint","urlTemplate":"https:\/\/www.audyt-wifi.pl\/?s={search_term_string}"},"query-input":"required name=search_term_string"}],"inLanguage":"pl-PL"},{"@type":"Organization","@id":"https:\/\/www.audyt-wifi.pl\/#organization","name":"Audyt WiFi","url":"https:\/\/www.audyt-wifi.pl\/","logo":{"@type":"ImageObject","inLanguage":"pl-PL","@id":"https:\/\/www.audyt-wifi.pl\/#\/schema\/logo\/image\/","url":"https:\/\/i0.wp.com\/www.audyt-wifi.pl\/wp-content\/uploads\/2020\/01\/logo_transparent_v2.png?fit=1200%2C1200&ssl=1","contentUrl":"https:\/\/i0.wp.com\/www.audyt-wifi.pl\/wp-content\/uploads\/2020\/01\/logo_transparent_v2.png?fit=1200%2C1200&ssl=1","width":1200,"height":1200,"caption":"Audyt WiFi"},"image":{"@id":"https:\/\/www.audyt-wifi.pl\/#\/schema\/logo\/image\/"}}]}},"jetpack_sharing_enabled":true,"_links":{"self":[{"href":"https:\/\/www.audyt-wifi.pl\/index.php\/wp-json\/wp\/v2\/pages\/21"}],"collection":[{"href":"https:\/\/www.audyt-wifi.pl\/index.php\/wp-json\/wp\/v2\/pages"}],"about":[{"href":"https:\/\/www.audyt-wifi.pl\/index.php\/wp-json\/wp\/v2\/types\/page"}],"author":[{"embeddable":true,"href":"https:\/\/www.audyt-wifi.pl\/index.php\/wp-json\/wp\/v2\/users\/1"}],"replies":[{"embeddable":true,"href":"https:\/\/www.audyt-wifi.pl\/index.php\/wp-json\/wp\/v2\/comments?post=21"}],"version-history":[{"count":3,"href":"https:\/\/www.audyt-wifi.pl\/index.php\/wp-json\/wp\/v2\/pages\/21\/revisions"}],"predecessor-version":[{"id":42,"href":"https:\/\/www.audyt-wifi.pl\/index.php\/wp-json\/wp\/v2\/pages\/21\/revisions\/42"}],"wp:featuredmedia":[{"embeddable":true,"href":"https:\/\/www.audyt-wifi.pl\/index.php\/wp-json\/wp\/v2\/media\/48"}],"wp:attachment":[{"href":"https:\/\/www.audyt-wifi.pl\/index.php\/wp-json\/wp\/v2\/media?parent=21"}],"curies":[{"name":"wp","href":"https:\/\/api.w.org\/{rel}","templated":true}]}}