{"id":17,"date":"2019-03-19T22:35:18","date_gmt":"2019-03-19T21:35:18","guid":{"rendered":"http:\/\/audyt-wifi.pl\/?page_id=17"},"modified":"2023-02-22T17:47:42","modified_gmt":"2023-02-22T16:47:42","slug":"pomiary-i-audyt-sieci-wifi","status":"publish","type":"page","link":"https:\/\/www.audyt-wifi.pl\/","title":{"rendered":"Audyt WiFi &#8211; Projektowanie, pomiary i audyt sieci WiFi"},"content":{"rendered":"\n<h2 class=\"wp-block-heading\">O sieciach bezprzewodowych wiemy wszystko<\/h2>\n\n\n\n<p>Rozwi\u0105zywanie problem\u00f3w obecnie funkcjonuj\u0105cych sieci bezprzewodowych oraz projektowanie nowych wydajnych sieci bezprzewodowych o du\u017cej pojemno\u015bci to dwie podstawowe us\u0142ugi przez nas wykonywane w ramach Audyt WiFi. <\/p>\n\n\n<p>Jeste\u015bmy grup\u0105 ekspert\u00f3w wyspecjalizowanych\u00a0w pomiarach, projektowaniu, konfigurowaniu oraz trobuleshootingu sieci bezprzewodowych. Bardzo w\u0105ska specjalizacja, a tak\u017ce do\u015bwiadczenie zdobyte bezpo\u015brednio u producent\u00f3w sprz\u0119tu, pozwala nam rozwi\u0105za\u0107 wszystkie problemy, z kt\u00f3rymi spotykamy si\u0119 w produkcyjnych rozwi\u0105zaniach u klienta.\u00a0<\/p>\n<p>Jako eksperci przeprowadzimy dla Ciebie pe\u0142en troubleshooting sieci bezprzewodowej &#8211; nie tylko wykonamy pomiar RF&#8217;owy \u015brodowiska, ale przeanalizujemy komunikacj\u0119 w warstwie L1\/L2 oraz L3 urz\u0105dze\u0144 bezprzewodowych. Pami\u0119taj, \u017ce nie ka\u017cda firma posiadaj\u0105ca <a href=\"https:\/\/www.audyt-wifi.pl\/index.php\/ekahau\/\">Ekahau<\/a> potrafi rozwi\u0105za\u0107 Twoje problemy z sieci\u0105 bezprzewodow\u0105.<\/p>\n\n\n<h2 class=\"wp-block-heading\">Audyt WiFi &#8211; Co nas wyr\u00f3\u017cnia?<\/h2>\n\n\n\n<p>Opr\u00f3cz standardowych us\u0142ug, kt\u00f3re pozwalaj\u0105 naszym klientom rozwi\u0105za\u0107 swoje problemy z bezprzewodowymi sieciami, jako Audyt WiFi chcemy przekazywa\u0107 naszym klientom wiedz\u0119 oraz do\u015bwiadczenie. W standardzie oferujemy om\u00f3wienie audytu z wyt\u0142umaczeniem zasad projektowania, konfigurowania oraz troubleshootingu sieci bezprzewodowych. <\/p>\n\n\n\n<p>Ka\u017cde spotkanie z naszymi klientami to tak\u017ce transfer wiedzy, kt\u00f3r\u0105 mo\u017cemy ale tak\u017ce chcemy przekazywa\u0107 w celach edukacyjnych.<\/p>\n\n\n\n<h2 class=\"wp-block-heading\">Audyt WiFi &#8211; Odroczona p\u0142atno\u015b\u0107 za us\u0142ugi   <\/h2>\n\n\n\n<p>Jeste\u015bmy pewni swoich umiej\u0119tno\u015bci, do\u015bwiadczenia i wiedzy dlatego naszym klientom oferujemy <strong>odroczon\u0105 p\u0142atno\u015b\u0107 za ca\u0142o\u015b\u0107 wykonanych<\/strong>. <\/p>\n\n\n\n<p>Za wykonane  us\u0142ugi wystawimy faktur\u0119 dopiero kiedy problem klienta zostanie ostatecznie rozwi\u0105zany  (przy zam\u00f3wieniu us\u0142ugi <a href=\"https:\/\/www.audyt-wifi.pl\/index.php\/pomiary-wifi-i-analiza-sieci-bezprzewodowych\/\">Pomiary i analiza WiFi<\/a>). Nasi klienci otrzymuj\u0105 gwarancj\u0119 prawid\u0142owego wykonania us\u0142ugi bez jakiegokolwiek finansowego ryzyka.<\/p>\n\n\n\n<h2 class=\"wp-block-heading\">Audyt WiFi &#8211; niezale\u017cne doradztwo<\/h2>\n\n\n\n<p>Wykupuj\u0105c u nas us\u0142ug\u0119 <a href=\"https:\/\/www.audyt-wifi.pl\/index.php\/projektowanie-sieci-wifi\/\">Projektowanie sieci WiFi <\/a>otrzymasz list\u0119 Tzw. Bill of Materials (BOM), kilku wybranych przez Ciebie lub przez nas producent\u00f3w sprz\u0119tu sieciowego. Zestawienia b\u0119d\u0105 przygotowane pod Twoje wymagania odno\u015bnie sieci oraz dostosowane do Twojego bud\u017cetu. Jako niezale\u017cni konsultanci nie chcemy po\u015bredniczy\u0107 w zakupie sprz\u0119tu, ale <strong>pomo\u017cemy Ci uzyska\u0107 najlepsza ofert\u0119 na rynku<\/strong>.<\/p>\n\n\n\n<p>Wykupuj\u0105c u nas us\u0142ug\u0119 <a href=\"https:\/\/www.audyt-wifi.pl\/index.php\/projektowanie-sieci-wifi\/\">projektu sieci bezprzewodowej <\/a>otrzymujesz pewno\u015b\u0107, \u017ce Twoja sieci b\u0119dzie dzia\u0142a\u0142a prawid\u0142owo na zaprojektowanym przez nas sprz\u0119cie i oprogramowaniu, a oferta przygotowana przez resellerow sprz\u0119tu IT b\u0119dzie najbardziej korzystna. <\/p>\n\n\n\n<p>Jako Audyt WiFi <strong>nie po\u015bredniczymy w sprzeda\u017cy sprz\u0119tu WiFi<\/strong>, dzi\u0119ki czemu mo\u017cemy zachowa\u0107 swoj\u0105 niezale\u017cno\u015b\u0107, kt\u00f3r\u0105 doceniaj\u0105 nasi obecni klienci. Rozwi\u0105zania <a href=\"http:\/\/www.arubanetworks.com\">Aruba a Hewlett Packard Enterprise Company<\/a>, <a href=\"http:\/\/www.cisco.com\">Cisco Systems<\/a>, <a href=\"https:\/\/www.extremenetworks.com\/\">Extreme Network<\/a>s, <a href=\"https:\/\/www.al-enterprise.com\/en\">Alcatel Lucent Enterprise<\/a>, mo\u017ce sprzeda\u0107 Ci ka\u017cdy, ale jako jedyni w Polsce jeste\u015bmy w 100% niezale\u017cni.<\/p>\n","protected":false},"excerpt":{"rendered":"<p>O sieciach bezprzewodowych wiemy wszystko Rozwi\u0105zywanie problem\u00f3w obecnie funkcjonuj\u0105cych sieci bezprzewodowych oraz projektowanie nowych wydajnych sieci bezprzewodowych o du\u017cej pojemno\u015bci to dwie podstawowe us\u0142ugi przez nas wykonywane w ramach Audyt WiFi. Jeste\u015bmy grup\u0105 ekspert\u00f3w wyspecjalizowanych\u00a0w pomiarach, projektowaniu, konfigurowaniu oraz trobuleshootingu sieci bezprzewodowych. Bardzo w\u0105ska specjalizacja, a tak\u017ce do\u015bwiadczenie zdobyte bezpo\u015brednio [&hellip;]<\/p>\n","protected":false},"author":1,"featured_media":39,"parent":0,"menu_order":0,"comment_status":"closed","ping_status":"closed","template":"","meta":{"footnotes":""},"yoast_head":"<!-- This site is optimized with the Yoast SEO plugin v21.7 - https:\/\/yoast.com\/wordpress\/plugins\/seo\/ -->\n<title>Audyt WiFi - Pomiary, projektowanie i Troubleshooting WiFi<\/title>\n<meta name=\"description\" content=\"Audyt i Pomiary sieci WiFi - Rozwi\u0105zywanie problem\u00f3w sieci bezprzewodowych oraz projektowanie i audyty bezpiecze\u0144stwa sieci bezprzewodowych.\" \/>\n<meta name=\"robots\" content=\"index, follow, max-snippet:-1, max-image-preview:large, max-video-preview:-1\" \/>\n<link rel=\"canonical\" href=\"https:\/\/www.audyt-wifi.pl\/\" \/>\n<meta property=\"og:locale\" content=\"pl_PL\" \/>\n<meta property=\"og:type\" content=\"article\" \/>\n<meta property=\"og:title\" content=\"Audyt WiFi - Pomiary, projektowanie i Troubleshooting WiFi\" \/>\n<meta property=\"og:description\" content=\"Audyt i Pomiary sieci WiFi - Rozwi\u0105zywanie problem\u00f3w sieci bezprzewodowych oraz projektowanie i audyty bezpiecze\u0144stwa sieci bezprzewodowych.\" \/>\n<meta property=\"og:url\" content=\"https:\/\/www.audyt-wifi.pl\/\" \/>\n<meta property=\"og:site_name\" content=\"Audyt WiFi\" \/>\n<meta property=\"article:modified_time\" content=\"2023-02-22T16:47:42+00:00\" \/>\n<meta property=\"og:image\" content=\"https:\/\/www.audyt-wifi.pl\/wp-content\/uploads\/2019\/03\/frank-wang-1061132-unsplash-1024x683.jpg\" \/>\n\t<meta property=\"og:image:width\" content=\"1024\" \/>\n\t<meta property=\"og:image:height\" content=\"683\" \/>\n\t<meta property=\"og:image:type\" content=\"image\/jpeg\" \/>\n<meta name=\"twitter:card\" content=\"summary_large_image\" \/>\n<meta name=\"twitter:label1\" content=\"Szacowany czas czytania\" \/>\n\t<meta name=\"twitter:data1\" content=\"3 minuty\" \/>\n<script type=\"application\/ld+json\" class=\"yoast-schema-graph\">{\"@context\":\"https:\/\/schema.org\",\"@graph\":[{\"@type\":\"WebPage\",\"@id\":\"https:\/\/www.audyt-wifi.pl\/\",\"url\":\"https:\/\/www.audyt-wifi.pl\/\",\"name\":\"Audyt WiFi - Pomiary, projektowanie i Troubleshooting WiFi\",\"isPartOf\":{\"@id\":\"https:\/\/www.audyt-wifi.pl\/#website\"},\"datePublished\":\"2019-03-19T21:35:18+00:00\",\"dateModified\":\"2023-02-22T16:47:42+00:00\",\"description\":\"Audyt i Pomiary sieci WiFi - Rozwi\u0105zywanie problem\u00f3w sieci bezprzewodowych oraz projektowanie i audyty bezpiecze\u0144stwa sieci bezprzewodowych.\",\"breadcrumb\":{\"@id\":\"https:\/\/www.audyt-wifi.pl\/#breadcrumb\"},\"inLanguage\":\"pl-PL\",\"potentialAction\":[{\"@type\":\"ReadAction\",\"target\":[\"https:\/\/www.audyt-wifi.pl\/\"]}]},{\"@type\":\"BreadcrumbList\",\"@id\":\"https:\/\/www.audyt-wifi.pl\/#breadcrumb\",\"itemListElement\":[{\"@type\":\"ListItem\",\"position\":1,\"name\":\"Strona g\u0142\u00f3wna\",\"item\":\"https:\/\/www.audyt-wifi.pl\/\"},{\"@type\":\"ListItem\",\"position\":2,\"name\":\"Audyt WiFi &#8211; Projektowanie, pomiary i audyt sieci WiFi\"}]},{\"@type\":\"WebSite\",\"@id\":\"https:\/\/www.audyt-wifi.pl\/#website\",\"url\":\"https:\/\/www.audyt-wifi.pl\/\",\"name\":\"Audyt WiFi - Projektowanie, pomiary i audyt bezpiecze\u0144stwa sieci bezprzewodowych\",\"description\":\"Projektowanie, pomiary i audyt sieci bezprzewodowych\",\"publisher\":{\"@id\":\"https:\/\/www.audyt-wifi.pl\/#organization\"},\"potentialAction\":[{\"@type\":\"SearchAction\",\"target\":{\"@type\":\"EntryPoint\",\"urlTemplate\":\"https:\/\/www.audyt-wifi.pl\/?s={search_term_string}\"},\"query-input\":\"required name=search_term_string\"}],\"inLanguage\":\"pl-PL\"},{\"@type\":\"Organization\",\"@id\":\"https:\/\/www.audyt-wifi.pl\/#organization\",\"name\":\"Audyt WiFi\",\"url\":\"https:\/\/www.audyt-wifi.pl\/\",\"logo\":{\"@type\":\"ImageObject\",\"inLanguage\":\"pl-PL\",\"@id\":\"https:\/\/www.audyt-wifi.pl\/#\/schema\/logo\/image\/\",\"url\":\"https:\/\/i0.wp.com\/www.audyt-wifi.pl\/wp-content\/uploads\/2020\/01\/logo_transparent_v2.png?fit=1200%2C1200&ssl=1\",\"contentUrl\":\"https:\/\/i0.wp.com\/www.audyt-wifi.pl\/wp-content\/uploads\/2020\/01\/logo_transparent_v2.png?fit=1200%2C1200&ssl=1\",\"width\":1200,\"height\":1200,\"caption\":\"Audyt WiFi\"},\"image\":{\"@id\":\"https:\/\/www.audyt-wifi.pl\/#\/schema\/logo\/image\/\"}}]}<\/script>\n<!-- \/ Yoast SEO plugin. -->","yoast_head_json":{"title":"Audyt WiFi - Pomiary, projektowanie i Troubleshooting WiFi","description":"Audyt i Pomiary sieci WiFi - Rozwi\u0105zywanie problem\u00f3w sieci bezprzewodowych oraz projektowanie i audyty bezpiecze\u0144stwa sieci bezprzewodowych.","robots":{"index":"index","follow":"follow","max-snippet":"max-snippet:-1","max-image-preview":"max-image-preview:large","max-video-preview":"max-video-preview:-1"},"canonical":"https:\/\/www.audyt-wifi.pl\/","og_locale":"pl_PL","og_type":"article","og_title":"Audyt WiFi - Pomiary, projektowanie i Troubleshooting WiFi","og_description":"Audyt i Pomiary sieci WiFi - Rozwi\u0105zywanie problem\u00f3w sieci bezprzewodowych oraz projektowanie i audyty bezpiecze\u0144stwa sieci bezprzewodowych.","og_url":"https:\/\/www.audyt-wifi.pl\/","og_site_name":"Audyt WiFi","article_modified_time":"2023-02-22T16:47:42+00:00","og_image":[{"width":1024,"height":683,"url":"https:\/\/www.audyt-wifi.pl\/wp-content\/uploads\/2019\/03\/frank-wang-1061132-unsplash-1024x683.jpg","type":"image\/jpeg"}],"twitter_card":"summary_large_image","twitter_misc":{"Szacowany czas czytania":"3 minuty"},"schema":{"@context":"https:\/\/schema.org","@graph":[{"@type":"WebPage","@id":"https:\/\/www.audyt-wifi.pl\/","url":"https:\/\/www.audyt-wifi.pl\/","name":"Audyt WiFi - Pomiary, projektowanie i Troubleshooting WiFi","isPartOf":{"@id":"https:\/\/www.audyt-wifi.pl\/#website"},"datePublished":"2019-03-19T21:35:18+00:00","dateModified":"2023-02-22T16:47:42+00:00","description":"Audyt i Pomiary sieci WiFi - Rozwi\u0105zywanie problem\u00f3w sieci bezprzewodowych oraz projektowanie i audyty bezpiecze\u0144stwa sieci bezprzewodowych.","breadcrumb":{"@id":"https:\/\/www.audyt-wifi.pl\/#breadcrumb"},"inLanguage":"pl-PL","potentialAction":[{"@type":"ReadAction","target":["https:\/\/www.audyt-wifi.pl\/"]}]},{"@type":"BreadcrumbList","@id":"https:\/\/www.audyt-wifi.pl\/#breadcrumb","itemListElement":[{"@type":"ListItem","position":1,"name":"Strona g\u0142\u00f3wna","item":"https:\/\/www.audyt-wifi.pl\/"},{"@type":"ListItem","position":2,"name":"Audyt WiFi &#8211; Projektowanie, pomiary i audyt sieci WiFi"}]},{"@type":"WebSite","@id":"https:\/\/www.audyt-wifi.pl\/#website","url":"https:\/\/www.audyt-wifi.pl\/","name":"Audyt WiFi - Projektowanie, pomiary i audyt bezpiecze\u0144stwa sieci bezprzewodowych","description":"Projektowanie, pomiary i audyt sieci bezprzewodowych","publisher":{"@id":"https:\/\/www.audyt-wifi.pl\/#organization"},"potentialAction":[{"@type":"SearchAction","target":{"@type":"EntryPoint","urlTemplate":"https:\/\/www.audyt-wifi.pl\/?s={search_term_string}"},"query-input":"required name=search_term_string"}],"inLanguage":"pl-PL"},{"@type":"Organization","@id":"https:\/\/www.audyt-wifi.pl\/#organization","name":"Audyt WiFi","url":"https:\/\/www.audyt-wifi.pl\/","logo":{"@type":"ImageObject","inLanguage":"pl-PL","@id":"https:\/\/www.audyt-wifi.pl\/#\/schema\/logo\/image\/","url":"https:\/\/i0.wp.com\/www.audyt-wifi.pl\/wp-content\/uploads\/2020\/01\/logo_transparent_v2.png?fit=1200%2C1200&ssl=1","contentUrl":"https:\/\/i0.wp.com\/www.audyt-wifi.pl\/wp-content\/uploads\/2020\/01\/logo_transparent_v2.png?fit=1200%2C1200&ssl=1","width":1200,"height":1200,"caption":"Audyt WiFi"},"image":{"@id":"https:\/\/www.audyt-wifi.pl\/#\/schema\/logo\/image\/"}}]}},"jetpack_sharing_enabled":true,"_links":{"self":[{"href":"https:\/\/www.audyt-wifi.pl\/index.php\/wp-json\/wp\/v2\/pages\/17"}],"collection":[{"href":"https:\/\/www.audyt-wifi.pl\/index.php\/wp-json\/wp\/v2\/pages"}],"about":[{"href":"https:\/\/www.audyt-wifi.pl\/index.php\/wp-json\/wp\/v2\/types\/page"}],"author":[{"embeddable":true,"href":"https:\/\/www.audyt-wifi.pl\/index.php\/wp-json\/wp\/v2\/users\/1"}],"replies":[{"embeddable":true,"href":"https:\/\/www.audyt-wifi.pl\/index.php\/wp-json\/wp\/v2\/comments?post=17"}],"version-history":[{"count":29,"href":"https:\/\/www.audyt-wifi.pl\/index.php\/wp-json\/wp\/v2\/pages\/17\/revisions"}],"predecessor-version":[{"id":769,"href":"https:\/\/www.audyt-wifi.pl\/index.php\/wp-json\/wp\/v2\/pages\/17\/revisions\/769"}],"wp:featuredmedia":[{"embeddable":true,"href":"https:\/\/www.audyt-wifi.pl\/index.php\/wp-json\/wp\/v2\/media\/39"}],"wp:attachment":[{"href":"https:\/\/www.audyt-wifi.pl\/index.php\/wp-json\/wp\/v2\/media?parent=17"}],"curies":[{"name":"wp","href":"https:\/\/api.w.org\/{rel}","templated":true}]}}